{"id":134,"date":"2020-06-17T12:43:14","date_gmt":"2020-06-17T12:43:14","guid":{"rendered":"https:\/\/demosites.io\/interior-design-gb\/?page_id=134"},"modified":"2024-12-02T14:59:37","modified_gmt":"2024-12-02T13:59:37","slug":"0b958-home","status":"publish","type":"page","link":"https:\/\/alizeconseil.ovh\/","title":{"rendered":"Home"},"content":{"rendered":"\n<div class=\"wp-block-themeisle-blocks-advanced-columns alignfull has-2-columns has-desktop-equal-layout has-tablet-equal-layout has-mobile-collapsedRows-layout has-default-gap has-vertical-unset\" id=\"wp-block-themeisle-blocks-advanced-columns-2708a67d\"><div class=\"wp-block-themeisle-blocks-advanced-columns-overlay\"><\/div><div class=\"innerblocks-wrap\">\n<div class=\"wp-block-themeisle-blocks-advanced-column\" id=\"wp-block-themeisle-blocks-advanced-column-f7198209\">\n<h1 id=\"wp-block-themeisle-blocks-advanced-heading-0350a9ee\" class=\"wp-block-themeisle-blocks-advanced-heading wp-block-themeisle-blocks-advanced-heading-0350a9ee\">Merci de l&rsquo;attention que vous portez \u00e0 notre dossier<\/h1>\n\n\n\n<div style=\"height:20px\" aria-hidden=\"true\" class=\"wp-block-spacer\"><\/div>\n\n\n\n<div class=\"wp-block-buttons\">\n<div class=\"wp-block-button is-style-primary\"><a class=\"wp-block-button__link\" href=\"http:\/\/alizeconseil.ovh\/wp-content\/uploads\/plaquette-2024-1.pdf\" target=\"_blank\" rel=\"noreferrer noopener\">t\u00e9l\u00e9charger le dossier<\/a><\/div>\n<\/div>\n\n\n\n<div style=\"height:20px\" aria-hidden=\"true\" class=\"wp-block-spacer\"><\/div>\n\n\n\n<p style=\"font-size:19.2px\">Si vous rencontrez un quelconque probl\u00e8me pour t\u00e9l\u00e9charger ou ouvrir le dossier, ou pour toute autre question, merci de nous contacter \u00e0 <a href=\"mailto:p.talbot@alizeconseil.yt\">p.talbot@alizeconseil.yt<\/a><\/p>\n<\/div>\n\n\n\n<div class=\"wp-block-themeisle-blocks-advanced-column\" id=\"wp-block-themeisle-blocks-advanced-column-8f475fe8\"><\/div>\n<\/div><\/div>\n","protected":false},"excerpt":{"rendered":"","protected":false},"author":1,"featured_media":0,"parent":0,"menu_order":0,"comment_status":"closed","ping_status":"closed","template":"page-templates\/template-pagebuilder-full-width.php","meta":{"neve_meta_sidebar":"full-width","neve_meta_container":"","neve_meta_enable_content_width":"on","neve_meta_content_width":100,"neve_meta_title_alignment":"","neve_meta_author_avatar":"","neve_post_elements_order":"","neve_meta_disable_header":"","neve_meta_disable_footer":"","neve_meta_disable_title":""},"_links":{"self":[{"href":"https:\/\/alizeconseil.ovh\/index.php\/wp-json\/wp\/v2\/pages\/134"}],"collection":[{"href":"https:\/\/alizeconseil.ovh\/index.php\/wp-json\/wp\/v2\/pages"}],"about":[{"href":"https:\/\/alizeconseil.ovh\/index.php\/wp-json\/wp\/v2\/types\/page"}],"author":[{"embeddable":true,"href":"https:\/\/alizeconseil.ovh\/index.php\/wp-json\/wp\/v2\/users\/1"}],"replies":[{"embeddable":true,"href":"https:\/\/alizeconseil.ovh\/index.php\/wp-json\/wp\/v2\/comments?post=134"}],"version-history":[{"count":12,"href":"https:\/\/alizeconseil.ovh\/index.php\/wp-json\/wp\/v2\/pages\/134\/revisions"}],"predecessor-version":[{"id":217,"href":"https:\/\/alizeconseil.ovh\/index.php\/wp-json\/wp\/v2\/pages\/134\/revisions\/217"}],"wp:attachment":[{"href":"https:\/\/alizeconseil.ovh\/index.php\/wp-json\/wp\/v2\/media?parent=134"}],"curies":[{"name":"wp","href":"https:\/\/api.w.org\/{rel}","templated":true}]}}